{"id":2943,"date":"2025-07-14T00:26:32","date_gmt":"2025-07-14T06:26:32","guid":{"rendered":"https:\/\/ropaadaptadacordonela.com.mx\/app\/?page_id=2943"},"modified":"2025-10-12T22:22:50","modified_gmt":"2025-10-13T04:22:50","slug":"aviso","status":"publish","type":"page","link":"https:\/\/ropaadaptadacordonela.com.mx\/app\/aviso\/","title":{"rendered":"Aviso de privacidad"},"content":{"rendered":"<p><div class=\"fusion-fullwidth fullwidth-box fusion-builder-row-1 fusion-flex-container has-pattern-background has-mask-background nonhundred-percent-fullwidth non-hundred-percent-height-scrolling\" style=\"--awb-border-radius-top-left:0px;--awb-border-radius-top-right:0px;--awb-border-radius-bottom-right:0px;--awb-border-radius-bottom-left:0px;--awb-flex-wrap:wrap;\" ><div class=\"fusion-builder-row fusion-row fusion-flex-align-items-flex-start fusion-flex-content-wrap\" style=\"max-width:1248px;margin-left: calc(-4% \/ 2 );margin-right: calc(-4% \/ 2 );\"><div class=\"fusion-layout-column fusion_builder_column fusion-builder-column-0 fusion_builder_column_1_1 1_1 fusion-flex-column\" style=\"--awb-bg-size:cover;--awb-width-large:100%;--awb-margin-top-large:0px;--awb-spacing-right-large:1.92%;--awb-margin-bottom-large:20px;--awb-spacing-left-large:1.92%;--awb-width-medium:100%;--awb-order-medium:0;--awb-spacing-right-medium:1.92%;--awb-spacing-left-medium:1.92%;--awb-width-small:100%;--awb-order-small:0;--awb-spacing-right-small:1.92%;--awb-spacing-left-small:1.92%;\"><div class=\"fusion-column-wrapper fusion-column-has-shadow fusion-flex-justify-content-flex-start fusion-content-layout-column\"><div class=\"fusion-image-element \" style=\"--awb-caption-title-font-family:var(--h2_typography-font-family);--awb-caption-title-font-weight:var(--h2_typography-font-weight);--awb-caption-title-font-style:var(--h2_typography-font-style);--awb-caption-title-size:var(--h2_typography-font-size);--awb-caption-title-transform:var(--h2_typography-text-transform);--awb-caption-title-line-height:var(--h2_typography-line-height);--awb-caption-title-letter-spacing:var(--h2_typography-letter-spacing);\"><span class=\" fusion-imageframe imageframe-none imageframe-1 hover-type-none\"><img decoding=\"async\" width=\"2334\" height=\"1063\" title=\"banner_aviso_de-privacidad\" src=\"https:\/\/ropaadaptadacordonela.com.mx\/app\/wp-content\/uploads\/2025\/07\/banner_aviso_de-privacidad.jpeg\" data-orig-src=\"https:\/\/ropaadaptadacordonela.com.mx\/app\/wp-content\/uploads\/2025\/07\/banner_aviso_de-privacidad.jpeg\" alt class=\"lazyload img-responsive wp-image-3018\" srcset=\"data:image\/svg+xml,%3Csvg%20xmlns%3D%27http%3A%2F%2Fwww.w3.org%2F2000%2Fsvg%27%20width%3D%272334%27%20height%3D%271063%27%20viewBox%3D%270%200%202334%201063%27%3E%3Crect%20width%3D%272334%27%20height%3D%271063%27%20fill-opacity%3D%220%22%2F%3E%3C%2Fsvg%3E\" data-srcset=\"https:\/\/ropaadaptadacordonela.com.mx\/app\/wp-content\/uploads\/2025\/07\/banner_aviso_de-privacidad-200x91.jpeg 200w, https:\/\/ropaadaptadacordonela.com.mx\/app\/wp-content\/uploads\/2025\/07\/banner_aviso_de-privacidad-400x182.jpeg 400w, https:\/\/ropaadaptadacordonela.com.mx\/app\/wp-content\/uploads\/2025\/07\/banner_aviso_de-privacidad-600x273.jpeg 600w, https:\/\/ropaadaptadacordonela.com.mx\/app\/wp-content\/uploads\/2025\/07\/banner_aviso_de-privacidad-800x364.jpeg 800w, https:\/\/ropaadaptadacordonela.com.mx\/app\/wp-content\/uploads\/2025\/07\/banner_aviso_de-privacidad-1200x547.jpeg 1200w, https:\/\/ropaadaptadacordonela.com.mx\/app\/wp-content\/uploads\/2025\/07\/banner_aviso_de-privacidad.jpeg 2334w\" data-sizes=\"auto\" data-orig-sizes=\"(max-width: 640px) 100vw, 1200px\" \/><\/span><\/div><\/div><\/div><\/div><\/div><div class=\"fusion-fullwidth fullwidth-box fusion-builder-row-2 fusion-flex-container has-pattern-background has-mask-background nonhundred-percent-fullwidth non-hundred-percent-height-scrolling\" style=\"--awb-border-radius-top-left:0px;--awb-border-radius-top-right:0px;--awb-border-radius-bottom-right:0px;--awb-border-radius-bottom-left:0px;--awb-background-color:var(--awb-color4);--awb-flex-wrap:wrap;\" ><div class=\"fusion-builder-row fusion-row fusion-flex-align-items-flex-start fusion-flex-content-wrap\" style=\"max-width:1248px;margin-left: calc(-4% \/ 2 );margin-right: calc(-4% \/ 2 );\"><div class=\"fusion-layout-column fusion_builder_column fusion-builder-column-1 fusion_builder_column_1_1 1_1 fusion-flex-column\" style=\"--awb-bg-color:var(--awb-color1);--awb-bg-color-hover:var(--awb-color1);--awb-bg-size:cover;--awb-width-large:100%;--awb-margin-top-large:0px;--awb-spacing-right-large:1.92%;--awb-margin-bottom-large:20px;--awb-spacing-left-large:1.92%;--awb-width-medium:100%;--awb-order-medium:0;--awb-spacing-right-medium:1.92%;--awb-spacing-left-medium:1.92%;--awb-width-small:100%;--awb-order-small:0;--awb-spacing-right-small:1.92%;--awb-spacing-left-small:1.92%;\" data-scroll-devices=\"small-visibility,medium-visibility,large-visibility\"><div class=\"fusion-column-wrapper fusion-column-has-shadow fusion-flex-justify-content-flex-start fusion-content-layout-column\"><div class=\"fusion-text fusion-text-1\"><h2 style=\"text-align: center;\"><strong>AVISO DE PRIVACIDAD<\/strong><\/h2>\n<\/div><\/div><\/div><\/div><\/div><div class=\"fusion-fullwidth fullwidth-box fusion-builder-row-3 fusion-flex-container has-pattern-background has-mask-background nonhundred-percent-fullwidth non-hundred-percent-height-scrolling\" style=\"--awb-border-radius-top-left:0px;--awb-border-radius-top-right:0px;--awb-border-radius-bottom-right:0px;--awb-border-radius-bottom-left:0px;--awb-background-color:var(--awb-color1);--awb-flex-wrap:wrap;\" ><div class=\"fusion-builder-row fusion-row fusion-flex-align-items-flex-start fusion-flex-content-wrap\" style=\"max-width:1248px;margin-left: calc(-4% \/ 2 );margin-right: calc(-4% \/ 2 );\"><div class=\"fusion-layout-column fusion_builder_column fusion-builder-column-2 fusion_builder_column_1_1 1_1 fusion-flex-column\" style=\"--awb-bg-color:var(--awb-color1);--awb-bg-color-hover:var(--awb-color1);--awb-bg-size:cover;--awb-width-large:100%;--awb-margin-top-large:0px;--awb-spacing-right-large:1.92%;--awb-margin-bottom-large:20px;--awb-spacing-left-large:1.92%;--awb-width-medium:100%;--awb-order-medium:0;--awb-spacing-right-medium:1.92%;--awb-spacing-left-medium:1.92%;--awb-width-small:100%;--awb-order-small:0;--awb-spacing-right-small:1.92%;--awb-spacing-left-small:1.92%;\" data-scroll-devices=\"small-visibility,medium-visibility,large-visibility\"><div class=\"fusion-column-wrapper fusion-column-has-shadow fusion-flex-justify-content-flex-start fusion-content-layout-column\"><div class=\"fusion-text fusion-text-2\"><h6 style=\"text-align: justify;\">En cumplimiento y apego a lo establecido en la Ley Federal de Protecci\u00f3n de Datos Personales en Posesi\u00f3n de Particulares (en adelante Ley) y dem\u00e1s lineamientos o regulaci\u00f3n aplicable, damos a conocer los siguientes puntos.<\/h6>\n<\/div><\/div><\/div><\/div><\/div><div class=\"fusion-fullwidth fullwidth-box fusion-builder-row-4 fusion-flex-container has-pattern-background has-mask-background nonhundred-percent-fullwidth non-hundred-percent-height-scrolling\" style=\"--awb-border-radius-top-left:0px;--awb-border-radius-top-right:0px;--awb-border-radius-bottom-right:0px;--awb-border-radius-bottom-left:0px;--awb-background-color:var(--awb-color1);--awb-flex-wrap:wrap;\" ><div class=\"fusion-builder-row fusion-row fusion-flex-align-items-flex-start fusion-flex-content-wrap\" style=\"max-width:1248px;margin-left: calc(-4% \/ 2 );margin-right: calc(-4% \/ 2 );\"><div class=\"fusion-layout-column fusion_builder_column fusion-builder-column-3 fusion_builder_column_1_2 1_2 fusion-flex-column\" style=\"--awb-bg-color:var(--awb-color1);--awb-bg-color-hover:var(--awb-color1);--awb-bg-size:cover;--awb-width-large:50%;--awb-margin-top-large:0px;--awb-spacing-right-large:3.84%;--awb-margin-bottom-large:20px;--awb-spacing-left-large:3.84%;--awb-width-medium:50%;--awb-order-medium:0;--awb-spacing-right-medium:3.84%;--awb-spacing-left-medium:3.84%;--awb-width-small:100%;--awb-order-small:0;--awb-spacing-right-small:1.92%;--awb-spacing-left-small:1.92%;\" data-scroll-devices=\"small-visibility,medium-visibility,large-visibility\"><div class=\"fusion-column-wrapper fusion-column-has-shadow fusion-flex-justify-content-flex-start fusion-content-layout-column\"><div class=\"fusion-text fusion-text-3\"><ol>\n<li><strong>Responsable del tratamiento de datos personales:<\/strong><\/li>\n<\/ol>\n<h6 style=\"text-align: justify;\">Cordonela Ropa Adaptada S.A. de C.V. (en adelante el Responsable), con domicilio en 2da. Cda. De Castorena n\u00famero 75, Cuajimalpa de Morelos, C.P. 05000, Ciudad de M\u00e9xico, es el responsable del uso y protecci\u00f3n de sus Datos Personales.<\/h6>\n<h6 style=\"text-align: justify;\">Hacemos de su conocimiento que, para cualquier duda, comentario, notificaci\u00f3n y\/o queja respecto al manejo de sus Datos Personales, puede dirigir la solicitud a la direcci\u00f3n antes mencionada o al correo electr\u00f3nico: <em>atencionclientes@ropaadaptadacordonela.com.mx.<\/em><\/h6>\n<ol start=\"2\">\n<li><strong> Datos personales y Finalidades del tratamiento<\/strong><\/li>\n<\/ol>\n<h6 style=\"text-align: justify;\">Los datos personales que recabamos de usted a trav\u00e9s de la p\u00e1gina web, ser\u00e1n utilizados para las siguientes finalidades primarias:<\/h6>\n<ul>\n<li>\n<h6 style=\"text-align: justify;\">Procesar y enviar los productos adquiridos a trav\u00e9s de nuestro sitio web.<\/h6>\n<\/li>\n<li>\n<h6 style=\"text-align: justify;\">Contactarlo para dar seguimiento a sus pedidos, aclaraciones o devoluciones.<\/h6>\n<\/li>\n<li>\n<h6 style=\"text-align: justify;\">Emitir facturaci\u00f3n en caso de que as\u00ed lo solicite.<\/h6>\n<\/li>\n<\/ul>\n<h6 style=\"text-align: justify;\">Y de manera adicional, utilizaremos su informaci\u00f3n para finalidades secundarias, como:<\/h6>\n<ul>\n<li>\n<h6 style=\"text-align: justify;\">Env\u00edo de promociones, novedades y campa\u00f1as publicitarias (solo si usted lo autoriza. En caso contrario, favor de enviar mensaje indic\u00e1ndolo, a trav\u00e9s de los medios indicados).<\/h6>\n<\/li>\n<\/ul>\n<p><strong>Datos personales recabados<\/strong><\/p>\n<h6 style=\"text-align: justify;\">Los datos que podremos solicitar son:<\/h6>\n<ul>\n<li>\n<h6>Nombre completo<\/h6>\n<\/li>\n<li>\n<h6>Domicilio de env\u00edo<\/h6>\n<\/li>\n<li>\n<h6>Tel\u00e9fono de contacto<\/h6>\n<\/li>\n<li>\n<h6>Correo electr\u00f3nico<\/h6>\n<\/li>\n<li>\n<h6 style=\"text-align: justify;\">Datos de facturaci\u00f3n (RFC, Domicilio Fiscal CURP, R\u00e9gimen Fiscal)<\/h6>\n<\/li>\n<li>\n<h6 style=\"text-align: justify;\">Datos bancarios o de m\u00e9todo de pago (estos son procesados de forma segura a trav\u00e9s de nuestro sistema de pagos y no se almacenan en nuestros servidores).<\/h6>\n<\/li>\n<\/ul>\n<h6 style=\"text-align: justify;\">En todos los casos, nos aseguramos de que los datos sean pertinentes, correctos y actualizados para los fines establecidos en el presente Aviso de Privacidad.<\/h6>\n<ol start=\"3\">\n<li><strong> Transferencia de Datos<\/strong><\/li>\n<\/ol>\n<h6 style=\"text-align: justify;\">El Responsable podr\u00e1 transferir los Datos Personales del Titular a terceros, nacionales o extranjeros, \u00fanicamente para el cumplimiento de las finalidades descritas en el presente Aviso de Privacidad. Esto incluye a empresas de mensajer\u00eda y paqueter\u00eda para el env\u00edo y entrega de productos o documentaci\u00f3n solicitada por el Titular.<\/h6>\n<h6 style=\"text-align: justify;\">Dichas transferencias no requerir\u00e1n el consentimiento del Titular en los casos previstos por Ley, incluyendo, entre otros, cuando sean necesarias para dar cumplimiento a obligaciones contractuales, para el mantenimiento o cumplimiento de una relaci\u00f3n jur\u00eddica con el Titular, o por requerimiento de autoridad competente.<\/h6>\n<h6 style=\"text-align: justify;\">El Responsable se compromete a adoptar las medidas necesarias para que los terceros a quienes se transfieran los Datos Personales respeten y cumplan con los principios de protecci\u00f3n de datos personales establecidos en la Ley y a implementar controles de seguridad adecuados para garantizar su confidencialidad e integridad.<\/h6>\n<ol start=\"4\">\n<li><strong> Ejercicio de Derechos ARCO<\/strong><\/li>\n<\/ol>\n<h6 style=\"text-align: justify;\">El Titular tiene derecho a acceder, rectificar, cancelar u oponerse al tratamiento de sus Datos Personales (Derechos ARCO), as\u00ed como a revocar su consentimiento para el tratamiento de los mismos, en cualquier momento.<\/h6>\n<h6>Para ejercer estos derechos, deber\u00e1 enviar una solicitud por escrito, ya sea por mensajer\u00eda o correo electr\u00f3nico, dirigida al Responsable, indicando claramente:<\/h6>\n<ul>\n<li>\n<h6 style=\"text-align: justify;\">El nombre completo del Titular y el medio para recibir la respuesta (correo electr\u00f3nico o<\/h6>\n<\/li>\n<\/ul>\n<h6>direcci\u00f3n f\u00edsica).<\/h6>\n<ul>\n<li>\n<h6>El derecho ARCO que desea ejercer.<\/h6>\n<\/li>\n<li>\n<h6 style=\"text-align: justify;\">Una descripci\u00f3n clara y precisa de los datos personales respecto de los cuales se solicita<\/h6>\n<\/li>\n<\/ul>\n<h6>ejercer el derecho.<\/h6>\n<ul>\n<li>\n<h6>Copia de una identificaci\u00f3n oficial vigente del Titular<\/h6>\n<\/li>\n<\/ul>\n<h6 style=\"text-align: justify;\">Si transcurrido el t\u00e9rmino que se\u00f1ala la regulaci\u00f3n mexicana aplicable, el Responsable\u202fno diera respuesta a su solicitud, usted podr\u00e1 iniciar el procedimiento de protecci\u00f3n de derechos ARCO ante la Autoridad correspondiente, lo anterior de conformidad con los requerimientos que le sean informados por dicha Autoridad en su debida oportunidad.<\/h6>\n<\/div><\/div><\/div><div class=\"fusion-layout-column fusion_builder_column fusion-builder-column-4 fusion_builder_column_1_2 1_2 fusion-flex-column\" style=\"--awb-bg-color:var(--awb-color1);--awb-bg-color-hover:var(--awb-color1);--awb-bg-size:cover;--awb-width-large:50%;--awb-margin-top-large:0px;--awb-spacing-right-large:3.84%;--awb-margin-bottom-large:20px;--awb-spacing-left-large:3.84%;--awb-width-medium:50%;--awb-order-medium:0;--awb-spacing-right-medium:3.84%;--awb-spacing-left-medium:3.84%;--awb-width-small:100%;--awb-order-small:0;--awb-spacing-right-small:1.92%;--awb-spacing-left-small:1.92%;\" data-scroll-devices=\"small-visibility,medium-visibility,large-visibility\"><div class=\"fusion-column-wrapper fusion-column-has-shadow fusion-flex-justify-content-flex-start fusion-content-layout-column\"><div class=\"fusion-text fusion-text-4\"><h6><span style=\"text-align: justify;\">En caso de que la solicitud no cumpla con alguno de los requisitos anteriores, se considerar\u00e1 como no presentada y se podr\u00e1 requerir su correcci\u00f3n.<\/span><\/h6>\n<h6 style=\"text-align: justify;\">El Responsable\u202fdeber\u00e1 comunicar al Titular en un plazo m\u00e1ximo de veinte d\u00edas (20) contados a partir de la fecha en que se recibi\u00f3 la solicitud de acceso, rectificaci\u00f3n, cancelaci\u00f3n u oposici\u00f3n, la determinaci\u00f3n adoptada a efecto de que, si resultara procedente, se haga efectiva la misma dentro de los quince (15) d\u00edas siguientes a la fecha en que se comunica la respuesta. En el caso de que la informaci\u00f3n proporcionada en la solicitud sea insuficiente o err\u00f3nea para atenderla, o bien, no se acompa\u00f1en los documentos necesarios, el Responsable podr\u00e1 requerir al Titular, por una vez y dentro de los cinco (5) d\u00edas siguientes a la recepci\u00f3n de la solicitud, que aporte los elementos o documentos necesarios para dar tr\u00e1mite a la misma. El Titular contar\u00e1 con diez (10) d\u00edas para atender dicho requerimiento, contados a partir del d\u00eda siguiente en que lo haya recibido, en el entendido de que, si no diera respuesta en dicho plazo, se tendr\u00e1 por no presentada la solicitud correspondiente. En caso de que el Titular atienda el requerimiento de informaci\u00f3n, el plazo para que el Responsable d\u00e9 respuesta a la solicitud empezar\u00e1 a correr al d\u00eda siguiente de que el Titular haya atendido el requerimiento.<\/h6>\n<p><strong>Revocaci\u00f3n del consentimiento y limitaci\u00f3n del uso<\/strong><\/p>\n<h6 style=\"text-align: justify;\">Adicionalmente, el Titular podr\u00e1 revocar su consentimiento para el tratamiento de sus Datos Personales, sin efectos retroactivos, en todos aquellos casos en que dicha revocaci\u00f3n no suponga la imposibilidad de cumplir obligaciones derivadas de una relaci\u00f3n jur\u00eddica vigente entre el Titular y el Responsable. El procedimiento para la revocaci\u00f3n del consentimiento, en su caso, ser\u00e1 el mismo que se explic\u00f3 anteriormente para el ejercicio de los derechos ARCO.<\/h6>\n<h6 style=\"text-align: justify;\">En caso de que la revocaci\u00f3n no aplique a todas las finalidades, el Responsable podr\u00e1 seguir tratando los Datos Personales que resulten necesarios conforme a lo permitido por la Ley.<\/h6>\n<h6 style=\"text-align: justify;\">El Titular deber\u00e1 considerar que, para las finalidades necesarias expresadas en el presente Aviso de Privacidad, la revocaci\u00f3n de su consentimiento implica la posibilidad de que no podamos seguir prestando el servicio que contrat\u00f3, o la conclusi\u00f3n de su relaci\u00f3n con nosotros.<\/h6>\n<ol start=\"6\">\n<li><strong> Opciones y Medios para Limitar el Uso o Divulgaci\u00f3n<\/strong><\/li>\n<\/ol>\n<h6 style=\"text-align: justify;\">Usted podr\u00e1\u0301 limitar el uso o divulgaci\u00f3n de sus Datos Personales enviando su solicitud a la direcci\u00f3n f\u00edsica o bien correo electr\u00f3nico, siguiendo para tales efectos el procedimiento y las instrucciones aplicables al ejercicio de los derechos ARCO.<\/h6>\n<h6 style=\"text-align: justify;\">En este sentido, resulta importante mencionar que, una vez que el Titular ejerza alguno de los derechos previamente mencionados,\u202fel Responsable llevar\u00e1 a cabo las acciones correspondientes para atender su solicitud, en caso de ser procedente, tales como incluir al Titular en el listado de exclusi\u00f3n que corresponda del Responsable<strong>.<\/strong><\/h6>\n<h6 style=\"text-align: justify;\">En caso de requerir mayor informaci\u00f3n o tener dudas acerca de c\u00f3mo hacer uso de los mecanismos previamente mencionados, el Titular podr\u00e1 comunicarse con el Responsable\u202fv\u00eda correo electr\u00f3nico, cuyos datos han sido proporcionados previamente.<\/h6>\n<ol start=\"7\">\n<li><strong>Uso de Cookies y Web Beacons<\/strong><\/li>\n<\/ol>\n<h6 style=\"text-align: justify;\">Se hace la advertencia de que el Responsable\u202fpuede utilizar \u201ccookies\u201d o \u201cweb beacons\u201d en su p\u00e1gina de internet, con el prop\u00f3sito de confirmar su identificaci\u00f3n, personalizar su acceso al portal y revisar su uso, monitorear su comportamiento como usuario de Internet, brindarle un mejor servicio y experiencia de usuario al navegar en nuestra p\u00e1gina, ofrecerle nuevos productos y servicios basados en sus preferencias, toda vez que mediante las citadas \u201ccookies\u201d se recaban Datos Personales de los usuarios en t\u00e9rminos de la regulaci\u00f3n mexicana vigente.<\/h6>\n<h6 style=\"text-align: justify;\">Estas tecnolog\u00edas podr\u00e1n deshabilitarse accediendo a la configuraci\u00f3n o preferencias de su navegador y buscando la opci\u00f3n correspondiente a deshabilitar cookies o no usar cookies. Le recordamos que la opci\u00f3n para deshabilitar estas tecnolog\u00edas puede variar seg\u00fan la plataforma tecnol\u00f3gica, el navegador y el dispositivo m\u00f3vil que utilice para visitar nuestro sitio.<\/h6>\n<h6>Nuestro portal podr\u00e1 contener ligas a otros sitios externos (por ejemplo medios de pago), de los cuales el contenido y pol\u00edticas de privacidad no son responsabilidad del Responsable,\u202fpor lo que el usuario, en su caso, quedar\u00e1 sujeto a las pol\u00edticas de privacidad de aquellos otros sitios, sin responsabilidad alguna a cargo del Responsable.<\/h6>\n<ol start=\"8\">\n<li><strong>Medidas de Seguridad<\/strong><\/li>\n<\/ol>\n<h6 style=\"text-align: justify;\">Hemos implementado medidas administrativas, t\u00e9cnicas y f\u00edsicas para proteger sus Datos Personales contra da\u00f1o, p\u00e9rdida, alteraci\u00f3n, destrucci\u00f3n o el uso, acceso o tratamiento no autorizado.<\/h6>\n<ol start=\"9\">\n<li><strong>Cambios al Aviso de Privacidad<\/strong><\/li>\n<\/ol>\n<h6 style=\"text-align: justify;\">El presente aviso de privacidad puede sufrir modificaciones, cambios o actualizaciones derivadas de nuevos requerimientos legales; de nuestras propias necesidades por los servicios que ofrecemos; de nuestras pr\u00e1cticas de privacidad; de cambios en nuestro modelo de negocio, o por otras causas. Por lo cual nos comprometemos a mantenerlo informado sobre los cambios que pueda sufrir el presente aviso de privacidad mediante su publicaci\u00f3n en nuestra p\u00e1gina de internet <a href=\"https:\/\/ropaadaptadacordonela.com.mx\/\">https:\/\/ropaadaptadacordonela.com.mx<\/a>. De igual forma le recomendamos revisar peri\u00f3dicamente este aviso para mantenerse informado sobre su contenido.<\/h6>\n<\/div><\/div><\/div><\/div><\/div><\/p>\n","protected":false},"excerpt":{"rendered":"","protected":false},"author":1,"featured_media":0,"parent":0,"menu_order":0,"comment_status":"closed","ping_status":"closed","template":"","meta":{"pagelayer_contact_templates":[],"_pagelayer_content":"","footnotes":""},"class_list":["post-2943","page","type-page","status-publish","hentry"],"_links":{"self":[{"href":"https:\/\/ropaadaptadacordonela.com.mx\/app\/wp-json\/wp\/v2\/pages\/2943","targetHints":{"allow":["GET"]}}],"collection":[{"href":"https:\/\/ropaadaptadacordonela.com.mx\/app\/wp-json\/wp\/v2\/pages"}],"about":[{"href":"https:\/\/ropaadaptadacordonela.com.mx\/app\/wp-json\/wp\/v2\/types\/page"}],"author":[{"embeddable":true,"href":"https:\/\/ropaadaptadacordonela.com.mx\/app\/wp-json\/wp\/v2\/users\/1"}],"replies":[{"embeddable":true,"href":"https:\/\/ropaadaptadacordonela.com.mx\/app\/wp-json\/wp\/v2\/comments?post=2943"}],"version-history":[{"count":22,"href":"https:\/\/ropaadaptadacordonela.com.mx\/app\/wp-json\/wp\/v2\/pages\/2943\/revisions"}],"predecessor-version":[{"id":3195,"href":"https:\/\/ropaadaptadacordonela.com.mx\/app\/wp-json\/wp\/v2\/pages\/2943\/revisions\/3195"}],"wp:attachment":[{"href":"https:\/\/ropaadaptadacordonela.com.mx\/app\/wp-json\/wp\/v2\/media?parent=2943"}],"curies":[{"name":"wp","href":"https:\/\/api.w.org\/{rel}","templated":true}]}}