{"id":2948,"date":"2025-07-14T00:27:49","date_gmt":"2025-07-14T06:27:49","guid":{"rendered":"https:\/\/ropaadaptadacordonela.com.mx\/app\/?page_id=2948"},"modified":"2025-10-12T22:32:47","modified_gmt":"2025-10-13T04:32:47","slug":"politica-de-envios","status":"publish","type":"page","link":"https:\/\/ropaadaptadacordonela.com.mx\/app\/politica-de-envios\/","title":{"rendered":"Pol\u00edtica de env\u00edos"},"content":{"rendered":"<p><div class=\"fusion-fullwidth fullwidth-box fusion-builder-row-1 fusion-flex-container has-pattern-background has-mask-background nonhundred-percent-fullwidth non-hundred-percent-height-scrolling\" style=\"--awb-border-radius-top-left:0px;--awb-border-radius-top-right:0px;--awb-border-radius-bottom-right:0px;--awb-border-radius-bottom-left:0px;--awb-flex-wrap:wrap;\" ><div class=\"fusion-builder-row fusion-row fusion-flex-align-items-flex-start fusion-flex-content-wrap\" style=\"max-width:1248px;margin-left: calc(-4% \/ 2 );margin-right: calc(-4% \/ 2 );\"><div class=\"fusion-layout-column fusion_builder_column fusion-builder-column-0 fusion_builder_column_1_1 1_1 fusion-flex-column\" style=\"--awb-bg-size:cover;--awb-width-large:100%;--awb-margin-top-large:0px;--awb-spacing-right-large:1.92%;--awb-margin-bottom-large:20px;--awb-spacing-left-large:1.92%;--awb-width-medium:100%;--awb-order-medium:0;--awb-spacing-right-medium:1.92%;--awb-spacing-left-medium:1.92%;--awb-width-small:100%;--awb-order-small:0;--awb-spacing-right-small:1.92%;--awb-spacing-left-small:1.92%;\"><div class=\"fusion-column-wrapper fusion-column-has-shadow fusion-flex-justify-content-flex-start fusion-content-layout-column\"><div class=\"fusion-image-element \" style=\"--awb-caption-title-font-family:var(--h2_typography-font-family);--awb-caption-title-font-weight:var(--h2_typography-font-weight);--awb-caption-title-font-style:var(--h2_typography-font-style);--awb-caption-title-size:var(--h2_typography-font-size);--awb-caption-title-transform:var(--h2_typography-text-transform);--awb-caption-title-line-height:var(--h2_typography-line-height);--awb-caption-title-letter-spacing:var(--h2_typography-letter-spacing);\"><span class=\" fusion-imageframe imageframe-none imageframe-1 hover-type-none\"><img decoding=\"async\" width=\"1920\" height=\"836\" title=\"253c37da-be70-419d-a09a-0d8ca8fb0523_politicas+de+envio.jpg\" src=\"https:\/\/ropaadaptadacordonela.com.mx\/app\/wp-content\/uploads\/2025\/07\/253c37da-be70-419d-a09a-0d8ca8fb0523_politicasdeenvio.jpg.webp\" data-orig-src=\"https:\/\/ropaadaptadacordonela.com.mx\/app\/wp-content\/uploads\/2025\/07\/253c37da-be70-419d-a09a-0d8ca8fb0523_politicasdeenvio.jpg.webp\" alt class=\"lazyload img-responsive wp-image-2975\" srcset=\"data:image\/svg+xml,%3Csvg%20xmlns%3D%27http%3A%2F%2Fwww.w3.org%2F2000%2Fsvg%27%20width%3D%271920%27%20height%3D%27836%27%20viewBox%3D%270%200%201920%20836%27%3E%3Crect%20width%3D%271920%27%20height%3D%27836%27%20fill-opacity%3D%220%22%2F%3E%3C%2Fsvg%3E\" data-srcset=\"https:\/\/ropaadaptadacordonela.com.mx\/app\/wp-content\/uploads\/2025\/07\/253c37da-be70-419d-a09a-0d8ca8fb0523_politicasdeenvio.jpg-200x87.webp 200w, https:\/\/ropaadaptadacordonela.com.mx\/app\/wp-content\/uploads\/2025\/07\/253c37da-be70-419d-a09a-0d8ca8fb0523_politicasdeenvio.jpg-300x131.webp 300w, https:\/\/ropaadaptadacordonela.com.mx\/app\/wp-content\/uploads\/2025\/07\/253c37da-be70-419d-a09a-0d8ca8fb0523_politicasdeenvio.jpg-400x174.webp 400w, https:\/\/ropaadaptadacordonela.com.mx\/app\/wp-content\/uploads\/2025\/07\/253c37da-be70-419d-a09a-0d8ca8fb0523_politicasdeenvio.jpg-500x218.webp 500w, https:\/\/ropaadaptadacordonela.com.mx\/app\/wp-content\/uploads\/2025\/07\/253c37da-be70-419d-a09a-0d8ca8fb0523_politicasdeenvio.jpg-600x261.webp 600w, https:\/\/ropaadaptadacordonela.com.mx\/app\/wp-content\/uploads\/2025\/07\/253c37da-be70-419d-a09a-0d8ca8fb0523_politicasdeenvio.jpg-700x305.webp 700w, https:\/\/ropaadaptadacordonela.com.mx\/app\/wp-content\/uploads\/2025\/07\/253c37da-be70-419d-a09a-0d8ca8fb0523_politicasdeenvio.jpg-768x334.webp 768w, https:\/\/ropaadaptadacordonela.com.mx\/app\/wp-content\/uploads\/2025\/07\/253c37da-be70-419d-a09a-0d8ca8fb0523_politicasdeenvio.jpg-800x348.webp 800w, https:\/\/ropaadaptadacordonela.com.mx\/app\/wp-content\/uploads\/2025\/07\/253c37da-be70-419d-a09a-0d8ca8fb0523_politicasdeenvio.jpg-1024x446.webp 1024w, https:\/\/ropaadaptadacordonela.com.mx\/app\/wp-content\/uploads\/2025\/07\/253c37da-be70-419d-a09a-0d8ca8fb0523_politicasdeenvio.jpg-1200x523.webp 1200w, https:\/\/ropaadaptadacordonela.com.mx\/app\/wp-content\/uploads\/2025\/07\/253c37da-be70-419d-a09a-0d8ca8fb0523_politicasdeenvio.jpg-1536x669.webp 1536w, https:\/\/ropaadaptadacordonela.com.mx\/app\/wp-content\/uploads\/2025\/07\/253c37da-be70-419d-a09a-0d8ca8fb0523_politicasdeenvio.jpg.webp 1920w\" data-sizes=\"auto\" data-orig-sizes=\"(max-width: 640px) 100vw, 1200px\" \/><\/span><\/div><\/div><\/div><\/div><\/div><div class=\"fusion-fullwidth fullwidth-box fusion-builder-row-2 fusion-flex-container has-pattern-background has-mask-background nonhundred-percent-fullwidth non-hundred-percent-height-scrolling\" style=\"--awb-border-radius-top-left:0px;--awb-border-radius-top-right:0px;--awb-border-radius-bottom-right:0px;--awb-border-radius-bottom-left:0px;--awb-background-color:var(--awb-color4);--awb-flex-wrap:wrap;\" ><div class=\"fusion-builder-row fusion-row fusion-flex-align-items-flex-start fusion-flex-content-wrap\" style=\"max-width:1248px;margin-left: calc(-4% \/ 2 );margin-right: calc(-4% \/ 2 );\"><div class=\"fusion-layout-column fusion_builder_column fusion-builder-column-1 fusion_builder_column_1_1 1_1 fusion-flex-column\" style=\"--awb-bg-color:var(--awb-color1);--awb-bg-color-hover:var(--awb-color1);--awb-bg-size:cover;--awb-width-large:100%;--awb-margin-top-large:0px;--awb-spacing-right-large:1.92%;--awb-margin-bottom-large:20px;--awb-spacing-left-large:1.92%;--awb-width-medium:100%;--awb-order-medium:0;--awb-spacing-right-medium:1.92%;--awb-spacing-left-medium:1.92%;--awb-width-small:100%;--awb-order-small:0;--awb-spacing-right-small:1.92%;--awb-spacing-left-small:1.92%;\" data-scroll-devices=\"small-visibility,medium-visibility,large-visibility\"><div class=\"fusion-column-wrapper fusion-column-has-shadow fusion-flex-justify-content-flex-start fusion-content-layout-column\"><div class=\"fusion-text fusion-text-1\"><h2 style=\"text-align: center;\"><strong>Pol\u00edtica de Env\u00edos<\/strong><\/h2>\n<\/div><\/div><\/div><\/div><\/div><div class=\"fusion-fullwidth fullwidth-box fusion-builder-row-3 fusion-flex-container has-pattern-background has-mask-background nonhundred-percent-fullwidth non-hundred-percent-height-scrolling\" style=\"--awb-border-radius-top-left:0px;--awb-border-radius-top-right:0px;--awb-border-radius-bottom-right:0px;--awb-border-radius-bottom-left:0px;--awb-flex-wrap:wrap;\" ><div class=\"fusion-builder-row fusion-row fusion-flex-align-items-flex-start fusion-flex-content-wrap\" style=\"max-width:1248px;margin-left: calc(-4% \/ 2 );margin-right: calc(-4% \/ 2 );\"><div class=\"fusion-layout-column fusion_builder_column fusion-builder-column-2 fusion_builder_column_1_1 1_1 fusion-flex-column\" style=\"--awb-bg-size:cover;--awb-width-large:100%;--awb-margin-top-large:0px;--awb-spacing-right-large:1.92%;--awb-margin-bottom-large:20px;--awb-spacing-left-large:1.92%;--awb-width-medium:100%;--awb-order-medium:0;--awb-spacing-right-medium:1.92%;--awb-spacing-left-medium:1.92%;--awb-width-small:100%;--awb-order-small:0;--awb-spacing-right-small:1.92%;--awb-spacing-left-small:1.92%;\"><div class=\"fusion-column-wrapper fusion-column-has-shadow fusion-flex-justify-content-flex-start fusion-content-layout-column\"><div class=\"fusion-text fusion-text-2\"><h6 style=\"text-align: justify;\">En Cordonela (\u201c<strong><u>Cordonela<\/u><\/strong>\u201d), nos entusiasma que recibas tus prendas lo antes posible. Aqu\u00ed te explicamos todo lo que necesitas saber sobre c\u00f3mo manejamos tus env\u00edos.<\/h6>\n<\/div><\/div><\/div><\/div><\/div><div class=\"fusion-fullwidth fullwidth-box fusion-builder-row-4 fusion-flex-container has-pattern-background has-mask-background nonhundred-percent-fullwidth non-hundred-percent-height-scrolling\" style=\"--awb-border-radius-top-left:0px;--awb-border-radius-top-right:0px;--awb-border-radius-bottom-right:0px;--awb-border-radius-bottom-left:0px;--awb-flex-wrap:wrap;\" ><div class=\"fusion-builder-row fusion-row fusion-flex-align-items-flex-start fusion-flex-content-wrap\" style=\"max-width:1248px;margin-left: calc(-4% \/ 2 );margin-right: calc(-4% \/ 2 );\"><div class=\"fusion-layout-column fusion_builder_column fusion-builder-column-3 fusion_builder_column_1_2 1_2 fusion-flex-column\" style=\"--awb-bg-size:cover;--awb-width-large:50%;--awb-margin-top-large:0px;--awb-spacing-right-large:3.84%;--awb-margin-bottom-large:20px;--awb-spacing-left-large:3.84%;--awb-width-medium:50%;--awb-order-medium:0;--awb-spacing-right-medium:3.84%;--awb-spacing-left-medium:3.84%;--awb-width-small:100%;--awb-order-small:0;--awb-spacing-right-small:1.92%;--awb-spacing-left-small:1.92%;\"><div class=\"fusion-column-wrapper fusion-column-has-shadow fusion-flex-justify-content-flex-start fusion-content-layout-column\"><div class=\"fusion-text fusion-text-3\"><ol>\n<li><strong>Zonas de Env\u00edo<\/strong><\/li>\n<\/ol>\n<h6 style=\"text-align: justify;\">Actualmente, realizamos env\u00edos dentro de la totalidad del territorio de los Estados Unidos Mexicanos. Por el momento, no ofrecemos env\u00edos internacionales, pero esperamos hacerlo pronto.<\/h6>\n<ol start=\"2\">\n<li><strong> Tiempos de Procesamiento del Pedido<\/strong><\/li>\n<\/ol>\n<h6 style=\"text-align: justify;\">&gt;Una vez que tu compra ha sido confirmada, nuestro equipo se encarga de preparar y empacar tus prendas con el mayor cuidado.<\/h6>\n<ul>\n<li>\n<h6 style=\"text-align: justify;\">Los pedidos se procesan y se entregan a la mensajer\u00eda en un plazo de <strong>1 (uno) a 2 (dos) d\u00edas h\u00e1biles<\/strong>, (lunes a viernes, excluyendo s\u00e1bados y domingos, as\u00ed como d\u00edas festivos, de acuerdo a la legislaci\u00f3n mexicana).<\/h6>\n<\/li>\n<\/ul>\n<h6 style=\"text-align: justify;\">Recibir\u00e1s una notificaci\u00f3n por correo electr\u00f3nico con tu n\u00famero de gu\u00eda una vez que tu pedido haya sido enviado.<\/h6>\n<ol start=\"3\">\n<li><strong> Tiempos y Costos de Env\u00edo<\/strong><\/li>\n<\/ol>\n<h6 style=\"text-align: justify;\">Trabajamos con diversos servicios de paqueter\u00eda\/mensajer\u00eda, tales como Estafeta, DHL y FedEx, por mencionar algunos, para asegurar que tus paquetes lleguen de forma segura y eficiente.<\/h6>\n<ul>\n<li>\n<h6 style=\"text-align: justify;\"><strong>Env\u00edo Est\u00e1ndar:<\/strong><\/h6>\n<ul>\n<li>\n<h6 style=\"text-align: justify;\"><strong>Tiempo de entrega estimado:<\/strong> <strong>3 (tres) a 7 (siete) d\u00edas h\u00e1biles<\/strong> despu\u00e9s del env\u00edo.<\/h6>\n<\/li>\n<li>\n<h6 style=\"text-align: justify;\"><strong>Costo de env\u00edo: <\/strong>gratis<strong>.<\/strong><\/h6>\n<\/li>\n<\/ul>\n<\/li>\n<\/ul>\n<h6><strong>\u00a0<\/strong><\/h6>\n<h6 style=\"text-align: justify;\"><strong>Nota:<\/strong> Los tiempos de entrega son estimados y pueden variar debido a factores externos como condiciones clim\u00e1ticas, temporadas de alta demanda (Buen Fin, Hot Sale, Navidad) o situaciones imprevistas por parte de la empresa de paqueter\u00eda\/mensajer\u00eda. Es importante se\u00f1alar que Cordonela no se har\u00e1 responsable por la demora en los env\u00edos que no le sea atribuible, as\u00ed como de demoras o extrav\u00edos causados por responsabilidad de terceros y\/o por causas de fuerza mayor, imprevistos y\/o casos fortuitos.<\/h6>\n<p><strong>\u00a0<\/strong><\/p>\n<ol start=\"4\">\n<li><strong> Rastreo de tu Pedido<\/strong><\/li>\n<\/ol>\n<h6 style=\"text-align: justify;\">Una vez que tu pedido sea enviado, recibir\u00e1s un correo electr\u00f3nico con un <strong>n\u00famero de gu\u00eda<\/strong>. Podr\u00e1s rastrear tu paquete directamente en el sitio web de la empresa de paqueter\u00eda\/mensajer\u00eda, ingresando dicho n\u00famero de gu\u00eda.<\/h6>\n<h6 style=\"text-align: justify;\">Para los env\u00edos que sean procesados por las siguientes compa\u00f1\u00edas, se podr\u00e1 consultar el estatus de la entrega de los paquetes en los siguientes enlaces directos:<\/h6>\n<ul>\n<li>\n<h6 style=\"text-align: justify;\"><strong>DHL Express:<\/strong> <a href=\"https:\/\/www.dhl.com\/mx-es\/home\/rastreo.html\">https:\/\/www.dhl.com\/mx-es\/home\/rastreo.html<\/a><\/h6>\n<\/li>\n<li>\n<h6 style=\"text-align: justify;\"><strong>FedEx M\u00e9xico:<\/strong> <a href=\"https:\/\/www.fedex.com\/es-mx\/tracking.html\">https:\/\/www.fedex.com\/es-mx\/tracking.html<\/a><\/h6>\n<\/li>\n<li>\n<h6 style=\"text-align: justify;\"><strong>Estafeta:<\/strong> <a href=\"https:\/\/www.estafeta.com\/Herramientas\/Rastreo\">https:\/\/www.estafeta.com\/Herramientas\/Rastreo<\/a><\/h6>\n<\/li>\n<\/ul>\n<h6 style=\"text-align: justify;\">Cordonela no se hace responsable de la informaci\u00f3n que sea proporcionada al usuario o que \u00e9ste haya obtenido a trav\u00e9s de un tercero, o en sitios ajenos al Portal (seg\u00fan dicho t\u00e9rmino se define en los T\u00e9rminos y Condiciones).<\/h6>\n<\/div><\/div><\/div><div class=\"fusion-layout-column fusion_builder_column fusion-builder-column-4 fusion_builder_column_1_2 1_2 fusion-flex-column\" style=\"--awb-bg-size:cover;--awb-width-large:50%;--awb-margin-top-large:0px;--awb-spacing-right-large:3.84%;--awb-margin-bottom-large:20px;--awb-spacing-left-large:3.84%;--awb-width-medium:50%;--awb-order-medium:0;--awb-spacing-right-medium:3.84%;--awb-spacing-left-medium:3.84%;--awb-width-small:100%;--awb-order-small:0;--awb-spacing-right-small:1.92%;--awb-spacing-left-small:1.92%;\"><div class=\"fusion-column-wrapper fusion-column-has-shadow fusion-flex-justify-content-flex-start fusion-content-layout-column\"><div class=\"fusion-text fusion-text-4\"><ol start=\"5\">\n<li><strong> Entrega de tu Paquete<\/strong><\/li>\n<\/ol>\n<ul>\n<li>\n<h6 style=\"text-align: justify;\"><strong>Direcci\u00f3n de Env\u00edo:<\/strong> Es responsabilidad del cliente asegurarse de que la direcci\u00f3n de env\u00edo proporcionada sea correcta y completa. Cordonela no se hace responsable por paquetes entregados a direcciones incorrectas o incompletas si el error fue por parte del cliente.<\/h6>\n<\/li>\n<li>\n<h6 style=\"text-align: justify;\"><strong>Intentos de Entrega:<\/strong> Las empresas de paqueter\u00eda\/mensajer\u00eda suelen realizar 2 (dos) o 3 (tres) intentos de entrega. Si no logran entregar el paquete, \u00e9ste podr\u00eda ser enviado de vuelta a nuestras instalaciones. En caso de que el paquete sea devuelto a Cordonela o a sus oficinas, el cliente deber\u00e1 cubrir el costo de un nuevo env\u00edo, y asumir\u00e1 la responsabilidad y posibles consecuencias del extrav\u00edo o deterioro del paquete.<\/h6>\n<\/li>\n<li>\n<h6 style=\"text-align: justify;\"><strong>Recolecci\u00f3n en Sucursal:<\/strong> Si el paquete no puede ser entregado a domicilio, en ocasiones la mensajer\u00eda puede dejarlo en una de sus sucursales para que el cliente lo recoja en un plazo determinado. Te recomendamos estar atento(a) a las notificaciones de la mensajer\u00eda.<\/h6>\n<\/li>\n<li>\n<h6 style=\"text-align: justify;\">La entrega se realizar\u00e1 con la persona que se encuentre en el domicilio.<\/h6>\n<\/li>\n<li>\n<h6 style=\"text-align: justify;\">Al momento de la entrega\/recepci\u00f3n de los Productos, el personal encargado de la entrega podr\u00e1 solicitar el nombre de la persona con la que se entiende la entrega.<\/h6>\n<\/li>\n<li>\n<h6 style=\"text-align: justify;\">El personal encargado de la entrega podr\u00e1 tomar fotograf\u00edas del producto al momento de la entrega, con la finalidad de confirmar las condiciones de \u00e9ste.<\/h6>\n<\/li>\n<li>\n<h6 style=\"text-align: justify;\">Al momento de la entrega, la persona con quien se entiende esta, deber\u00e1 firmar acuse de recibo, el cual podr\u00e1 ser en boleta f\u00edsica o de manera digital, a trav\u00e9s del dispositivo electr\u00f3nico con que cuenta el personal encargado de la entrega.<\/h6>\n<\/li>\n<\/ul>\n<ol start=\"6\">\n<li><strong> \u00bfQu\u00e9 hacer si hay un Problema con tu Env\u00edo?<\/strong><\/li>\n<\/ol>\n<h6 style=\"text-align: justify;\">Si tu paquete sufre un retraso significativo, llega da\u00f1ado o no lo recibes, por favor, cont\u00e1ctanos de inmediato:<\/h6>\n<ul>\n<li>\n<h6><strong>Correo electr\u00f3nico:<\/strong> atencionclientes@ropadaadaptadacordonela.com.mx<\/h6>\n<\/li>\n<li>\n<h6 style=\"text-align: justify;\"><strong>Tel\u00e9fono:<\/strong> N\u00famero de atenci\u00f3n al cliente, solo por WhatsApp 55 2500 2251<\/h6>\n<\/li>\n<\/ul>\n<h6 style=\"text-align: justify;\">En su contacto inicial, por favor identif\u00edquese con su nombre completo y una descripci\u00f3n breve del asunto que se desea tratar.\u00a0 Le responderemos tan pronto nos sea posible.<\/h6>\n<h6 style=\"text-align: justify;\">Estaremos encantados de ayudarte a resolver cualquier incidencia con la mensajer\u00eda.<\/h6>\n<ol start=\"7\">\n<li><strong> Env\u00edos M\u00faltiples<\/strong><\/li>\n<\/ol>\n<h6 style=\"text-align: justify;\">Si tu pedido incluye varias prendas, es posible que se env\u00eden en paquetes separados para optimizar la log\u00edstica. Recibir\u00e1s un n\u00famero de gu\u00eda por cada paquete enviado.<\/h6>\n<h6 style=\"text-align: justify;\">Gracias por confiar en Cordonela \u00a1Esperamos que disfrutes mucho tus nuevas prendas!<\/h6>\n<\/div><\/div><\/div><\/div><\/div><\/p>\n","protected":false},"excerpt":{"rendered":"","protected":false},"author":1,"featured_media":0,"parent":0,"menu_order":0,"comment_status":"closed","ping_status":"closed","template":"","meta":{"pagelayer_contact_templates":[],"_pagelayer_content":"","footnotes":""},"class_list":["post-2948","page","type-page","status-publish","hentry"],"_links":{"self":[{"href":"https:\/\/ropaadaptadacordonela.com.mx\/app\/wp-json\/wp\/v2\/pages\/2948","targetHints":{"allow":["GET"]}}],"collection":[{"href":"https:\/\/ropaadaptadacordonela.com.mx\/app\/wp-json\/wp\/v2\/pages"}],"about":[{"href":"https:\/\/ropaadaptadacordonela.com.mx\/app\/wp-json\/wp\/v2\/types\/page"}],"author":[{"embeddable":true,"href":"https:\/\/ropaadaptadacordonela.com.mx\/app\/wp-json\/wp\/v2\/users\/1"}],"replies":[{"embeddable":true,"href":"https:\/\/ropaadaptadacordonela.com.mx\/app\/wp-json\/wp\/v2\/comments?post=2948"}],"version-history":[{"count":9,"href":"https:\/\/ropaadaptadacordonela.com.mx\/app\/wp-json\/wp\/v2\/pages\/2948\/revisions"}],"predecessor-version":[{"id":3198,"href":"https:\/\/ropaadaptadacordonela.com.mx\/app\/wp-json\/wp\/v2\/pages\/2948\/revisions\/3198"}],"wp:attachment":[{"href":"https:\/\/ropaadaptadacordonela.com.mx\/app\/wp-json\/wp\/v2\/media?parent=2948"}],"curies":[{"name":"wp","href":"https:\/\/api.w.org\/{rel}","templated":true}]}}