{"id":3167,"date":"2025-10-03T22:00:53","date_gmt":"2025-10-04T04:00:53","guid":{"rendered":"https:\/\/ropaadaptadacordonela.com.mx\/app\/?page_id=3167"},"modified":"2025-10-12T22:57:04","modified_gmt":"2025-10-13T04:57:04","slug":"facturacion","status":"publish","type":"page","link":"https:\/\/ropaadaptadacordonela.com.mx\/app\/facturacion\/","title":{"rendered":"Facturacion"},"content":{"rendered":"<div class=\"fusion-fullwidth fullwidth-box fusion-builder-row-1 fusion-flex-container has-pattern-background has-mask-background nonhundred-percent-fullwidth non-hundred-percent-height-scrolling\" style=\"--awb-border-radius-top-left:0px;--awb-border-radius-top-right:0px;--awb-border-radius-bottom-right:0px;--awb-border-radius-bottom-left:0px;--awb-flex-wrap:wrap;\" ><div class=\"fusion-builder-row fusion-row fusion-flex-align-items-flex-start fusion-flex-content-wrap\" style=\"max-width:1248px;margin-left: calc(-4% \/ 2 );margin-right: calc(-4% \/ 2 );\"><div class=\"fusion-layout-column fusion_builder_column fusion-builder-column-0 fusion_builder_column_1_1 1_1 fusion-flex-column\" style=\"--awb-bg-size:cover;--awb-width-large:100%;--awb-margin-top-large:0px;--awb-spacing-right-large:1.92%;--awb-margin-bottom-large:20px;--awb-spacing-left-large:1.92%;--awb-width-medium:100%;--awb-order-medium:0;--awb-spacing-right-medium:1.92%;--awb-spacing-left-medium:1.92%;--awb-width-small:100%;--awb-order-small:0;--awb-spacing-right-small:1.92%;--awb-spacing-left-small:1.92%;\"><div class=\"fusion-column-wrapper fusion-column-has-shadow fusion-flex-justify-content-flex-start fusion-content-layout-column\"><div class=\"fusion-title title fusion-title-1 fusion-sep-none fusion-title-text fusion-title-size-one\"><h1 class=\"fusion-title-heading title-heading-left\" style=\"margin:0;text-transform:capitalize;\">Informaci\u00f3n Requerida para Facturaci\u00f3n<\/h1><\/div><div class=\"fusion-text fusion-text-1\"><ul>\n<li>\n<h6 style=\"text-align: justify;\">Para poder emitir tu factura, solicitamos amablemente nos env\u00edes tu Constancia de Situaci\u00f3n Fiscal actualizada al siguiente correo electr\u00f3nico: <a href=\"mailto:atencionclientes@ropaadaptadacordonela.com.mx\" target=\"_blank\" rel=\"noopener\">atencionclientes@ropaadaptadacordonela.com.mx<\/a><\/h6>\n<\/li>\n<li>\n<h6 style=\"text-align: justify;\">Uso del CFDI (Clave del uso que le dar\u00e1s al Comprobante Fiscal Digital por Internet, por ejemplo: G03 Gastos en general, P01 Por definir, etc.)<\/h6>\n<\/li>\n<li>\n<h6 style=\"text-align: justify;\">Correo electr\u00f3nico para el env\u00edo de la factura (PDF y XML).<\/h6>\n<\/li>\n<li>\n<h6 style=\"text-align: justify;\">N\u00famero y monto de la orden de compra<\/h6>\n<\/li>\n<\/ul>\n<\/div><\/div><\/div><\/div><\/div>\n","protected":false},"excerpt":{"rendered":"","protected":false},"author":2,"featured_media":0,"parent":0,"menu_order":0,"comment_status":"closed","ping_status":"closed","template":"","meta":{"pagelayer_contact_templates":[],"_pagelayer_content":"","footnotes":""},"class_list":["post-3167","page","type-page","status-publish","hentry"],"_links":{"self":[{"href":"https:\/\/ropaadaptadacordonela.com.mx\/app\/wp-json\/wp\/v2\/pages\/3167","targetHints":{"allow":["GET"]}}],"collection":[{"href":"https:\/\/ropaadaptadacordonela.com.mx\/app\/wp-json\/wp\/v2\/pages"}],"about":[{"href":"https:\/\/ropaadaptadacordonela.com.mx\/app\/wp-json\/wp\/v2\/types\/page"}],"author":[{"embeddable":true,"href":"https:\/\/ropaadaptadacordonela.com.mx\/app\/wp-json\/wp\/v2\/users\/2"}],"replies":[{"embeddable":true,"href":"https:\/\/ropaadaptadacordonela.com.mx\/app\/wp-json\/wp\/v2\/comments?post=3167"}],"version-history":[{"count":4,"href":"https:\/\/ropaadaptadacordonela.com.mx\/app\/wp-json\/wp\/v2\/pages\/3167\/revisions"}],"predecessor-version":[{"id":3206,"href":"https:\/\/ropaadaptadacordonela.com.mx\/app\/wp-json\/wp\/v2\/pages\/3167\/revisions\/3206"}],"wp:attachment":[{"href":"https:\/\/ropaadaptadacordonela.com.mx\/app\/wp-json\/wp\/v2\/media?parent=3167"}],"curies":[{"name":"wp","href":"https:\/\/api.w.org\/{rel}","templated":true}]}}