{"id":1178,"date":"2025-06-24T20:41:33","date_gmt":"2025-06-24T20:41:33","guid":{"rendered":"https:\/\/ropaadaptadacordonela.com.mx\/app\/?post_type=product&#038;p=1178"},"modified":"2025-11-24T16:42:36","modified_gmt":"2025-11-24T22:42:36","slug":"pantalon-avc20","status":"publish","type":"product","link":"https:\/\/ropaadaptadacordonela.com.mx\/app\/producto\/pantalon-avc20\/","title":{"rendered":"20 &#8211; Pantal\u00f3n AVC20"},"content":{"rendered":"<p class=\"p1\">Pantal\u00f3n cl\u00e1sico con el\u00e1stico en la cintura y cierre de velcro.<\/p>\n","protected":false},"excerpt":{"rendered":"<p class=\"p1\">Pantal\u00f3n cl\u00e1sico<\/p>\n<p class=\"p1\">COLOR ARENA<\/p>\n","protected":false},"featured_media":1269,"comment_status":"open","ping_status":"closed","template":"","meta":{"pagelayer_contact_templates":[],"_pagelayer_content":""},"product_brand":[47],"product_cat":[39],"product_tag":[44,43,45,46],"class_list":{"0":"post-1178","1":"product","2":"type-product","3":"status-publish","4":"has-post-thumbnail","6":"product_brand-cordonela","7":"product_cat-caballero","8":"product_tag-caballero","9":"product_tag-camiseta","10":"product_tag-hombre","11":"product_tag-solo","13":"first","14":"instock","15":"shipping-taxable","16":"purchasable","17":"product-type-variable"},"_links":{"self":[{"href":"https:\/\/ropaadaptadacordonela.com.mx\/app\/wp-json\/wp\/v2\/product\/1178","targetHints":{"allow":["GET"]}}],"collection":[{"href":"https:\/\/ropaadaptadacordonela.com.mx\/app\/wp-json\/wp\/v2\/product"}],"about":[{"href":"https:\/\/ropaadaptadacordonela.com.mx\/app\/wp-json\/wp\/v2\/types\/product"}],"replies":[{"embeddable":true,"href":"https:\/\/ropaadaptadacordonela.com.mx\/app\/wp-json\/wp\/v2\/comments?post=1178"}],"wp:featuredmedia":[{"embeddable":true,"href":"https:\/\/ropaadaptadacordonela.com.mx\/app\/wp-json\/wp\/v2\/media\/1269"}],"wp:attachment":[{"href":"https:\/\/ropaadaptadacordonela.com.mx\/app\/wp-json\/wp\/v2\/media?parent=1178"}],"wp:term":[{"taxonomy":"product_brand","embeddable":true,"href":"https:\/\/ropaadaptadacordonela.com.mx\/app\/wp-json\/wp\/v2\/product_brand?post=1178"},{"taxonomy":"product_cat","embeddable":true,"href":"https:\/\/ropaadaptadacordonela.com.mx\/app\/wp-json\/wp\/v2\/product_cat?post=1178"},{"taxonomy":"product_tag","embeddable":true,"href":"https:\/\/ropaadaptadacordonela.com.mx\/app\/wp-json\/wp\/v2\/product_tag?post=1178"}],"curies":[{"name":"wp","href":"https:\/\/api.w.org\/{rel}","templated":true}]}}