{"id":2066,"date":"2025-06-30T08:01:10","date_gmt":"2025-06-30T08:01:10","guid":{"rendered":"https:\/\/ropaadaptadacordonela.com.mx\/app\/?post_type=product&#038;p=2066"},"modified":"2025-11-24T19:11:19","modified_gmt":"2025-11-25T01:11:19","slug":"36-pantalon-clasico-vad36","status":"publish","type":"product","link":"https:\/\/ropaadaptadacordonela.com.mx\/app\/producto\/36-pantalon-clasico-vad36\/","title":{"rendered":"36 &#8211; Pantal\u00f3n Cl\u00e1sico con Velcro VAD36"},"content":{"rendered":"<p class=\"p1\">Pantal\u00f3n cl\u00e1sico con el\u00e1stico en la cintura y broches a presi\u00f3n en los laterales de ambas piernas.<\/p>\n","protected":false},"excerpt":{"rendered":"<p class=\"p1\">Pantal\u00f3n cl\u00e1sico<\/p>\n<p class=\"p1\">COLOR NEGRO<\/p>\n","protected":false},"featured_media":2070,"comment_status":"open","ping_status":"closed","template":"","meta":{"pagelayer_contact_templates":[],"_pagelayer_content":""},"product_brand":[47],"product_cat":[42],"product_tag":[44,43,45,46],"class_list":{"0":"post-2066","1":"product","2":"type-product","3":"status-publish","4":"has-post-thumbnail","6":"product_brand-cordonela","7":"product_cat-dama-ayuda","8":"product_tag-caballero","9":"product_tag-camiseta","10":"product_tag-hombre","11":"product_tag-solo","13":"first","14":"instock","15":"shipping-taxable","16":"purchasable","17":"product-type-variable"},"_links":{"self":[{"href":"https:\/\/ropaadaptadacordonela.com.mx\/app\/wp-json\/wp\/v2\/product\/2066","targetHints":{"allow":["GET"]}}],"collection":[{"href":"https:\/\/ropaadaptadacordonela.com.mx\/app\/wp-json\/wp\/v2\/product"}],"about":[{"href":"https:\/\/ropaadaptadacordonela.com.mx\/app\/wp-json\/wp\/v2\/types\/product"}],"replies":[{"embeddable":true,"href":"https:\/\/ropaadaptadacordonela.com.mx\/app\/wp-json\/wp\/v2\/comments?post=2066"}],"wp:featuredmedia":[{"embeddable":true,"href":"https:\/\/ropaadaptadacordonela.com.mx\/app\/wp-json\/wp\/v2\/media\/2070"}],"wp:attachment":[{"href":"https:\/\/ropaadaptadacordonela.com.mx\/app\/wp-json\/wp\/v2\/media?parent=2066"}],"wp:term":[{"taxonomy":"product_brand","embeddable":true,"href":"https:\/\/ropaadaptadacordonela.com.mx\/app\/wp-json\/wp\/v2\/product_brand?post=2066"},{"taxonomy":"product_cat","embeddable":true,"href":"https:\/\/ropaadaptadacordonela.com.mx\/app\/wp-json\/wp\/v2\/product_cat?post=2066"},{"taxonomy":"product_tag","embeddable":true,"href":"https:\/\/ropaadaptadacordonela.com.mx\/app\/wp-json\/wp\/v2\/product_tag?post=2066"}],"curies":[{"name":"wp","href":"https:\/\/api.w.org\/{rel}","templated":true}]}}