{"id":2133,"date":"2025-06-30T08:20:10","date_gmt":"2025-06-30T08:20:10","guid":{"rendered":"https:\/\/ropaadaptadacordonela.com.mx\/app\/?post_type=product&#038;p=2133"},"modified":"2025-11-30T19:30:57","modified_gmt":"2025-12-01T01:30:57","slug":"42-pantalon-clasico-vad42","status":"publish","type":"product","link":"https:\/\/ropaadaptadacordonela.com.mx\/app\/producto\/42-pantalon-clasico-vad42\/","title":{"rendered":"42 &#8211; Pantal\u00f3n Cl\u00e1sico con Cierre Magn\u00e9tico VAD42"},"content":{"rendered":"<p class=\"p1\">Pantal\u00f3n cl\u00e1sico con el\u00e1stico en la cintura y cierre magn\u00e9tico en los laterales de ambas piernas.<\/p>\n","protected":false},"excerpt":{"rendered":"<p class=\"p1\">Pantal\u00f3n cl\u00e1sico cierre magn\u00e9tico<\/p>\n<p class=\"p1\">COLOR ROSA<\/p>\n","protected":false},"featured_media":2134,"comment_status":"open","ping_status":"closed","template":"","meta":{"pagelayer_contact_templates":[],"_pagelayer_content":""},"product_brand":[47],"product_cat":[42],"product_tag":[44,43,45,46],"class_list":{"0":"post-2133","1":"product","2":"type-product","3":"status-publish","4":"has-post-thumbnail","6":"product_brand-cordonela","7":"product_cat-dama-ayuda","8":"product_tag-caballero","9":"product_tag-camiseta","10":"product_tag-hombre","11":"product_tag-solo","13":"first","14":"instock","15":"shipping-taxable","16":"purchasable","17":"product-type-variable"},"_links":{"self":[{"href":"https:\/\/ropaadaptadacordonela.com.mx\/app\/wp-json\/wp\/v2\/product\/2133","targetHints":{"allow":["GET"]}}],"collection":[{"href":"https:\/\/ropaadaptadacordonela.com.mx\/app\/wp-json\/wp\/v2\/product"}],"about":[{"href":"https:\/\/ropaadaptadacordonela.com.mx\/app\/wp-json\/wp\/v2\/types\/product"}],"replies":[{"embeddable":true,"href":"https:\/\/ropaadaptadacordonela.com.mx\/app\/wp-json\/wp\/v2\/comments?post=2133"}],"wp:featuredmedia":[{"embeddable":true,"href":"https:\/\/ropaadaptadacordonela.com.mx\/app\/wp-json\/wp\/v2\/media\/2134"}],"wp:attachment":[{"href":"https:\/\/ropaadaptadacordonela.com.mx\/app\/wp-json\/wp\/v2\/media?parent=2133"}],"wp:term":[{"taxonomy":"product_brand","embeddable":true,"href":"https:\/\/ropaadaptadacordonela.com.mx\/app\/wp-json\/wp\/v2\/product_brand?post=2133"},{"taxonomy":"product_cat","embeddable":true,"href":"https:\/\/ropaadaptadacordonela.com.mx\/app\/wp-json\/wp\/v2\/product_cat?post=2133"},{"taxonomy":"product_tag","embeddable":true,"href":"https:\/\/ropaadaptadacordonela.com.mx\/app\/wp-json\/wp\/v2\/product_tag?post=2133"}],"curies":[{"name":"wp","href":"https:\/\/api.w.org\/{rel}","templated":true}]}}