{"id":2736,"date":"2025-07-11T01:15:32","date_gmt":"2025-07-11T07:15:32","guid":{"rendered":"https:\/\/ropaadaptadacordonela.com.mx\/app\/?post_type=product&#038;p=2736"},"modified":"2026-01-30T07:04:40","modified_gmt":"2026-01-30T13:04:40","slug":"17-pantalon-con-broches-a-presion-vac17","status":"publish","type":"product","link":"https:\/\/ropaadaptadacordonela.com.mx\/app\/producto\/17-pantalon-con-broches-a-presion-vac17\/","title":{"rendered":"17 &#8211; Pantal\u00f3n con Broches a Presi\u00f3n VAC17"},"content":{"rendered":"<p class=\"p1\">Pantal\u00f3n con el\u00e1stico en la cintura y laterales de ambas piernas con broches a presi\u00f3n.<\/p>\n","protected":false},"excerpt":{"rendered":"<p class=\"p1\">Pantal\u00f3n con broches a presi\u00f3n.<\/p>\n<p class=\"p1\">COLOR AZUL MARINO<\/p>\n","protected":false},"featured_media":2743,"comment_status":"open","ping_status":"closed","template":"","meta":{"pagelayer_contact_templates":[],"_pagelayer_content":""},"product_brand":[47],"product_cat":[40],"product_tag":[44,43,45,46],"class_list":{"0":"post-2736","1":"product","2":"type-product","3":"status-publish","4":"has-post-thumbnail","6":"product_brand-cordonela","7":"product_cat-caballero-ayuda","8":"product_tag-caballero","9":"product_tag-camiseta","10":"product_tag-hombre","11":"product_tag-solo","13":"first","14":"instock","15":"shipping-taxable","16":"purchasable","17":"product-type-variable"},"_links":{"self":[{"href":"https:\/\/ropaadaptadacordonela.com.mx\/app\/wp-json\/wp\/v2\/product\/2736","targetHints":{"allow":["GET"]}}],"collection":[{"href":"https:\/\/ropaadaptadacordonela.com.mx\/app\/wp-json\/wp\/v2\/product"}],"about":[{"href":"https:\/\/ropaadaptadacordonela.com.mx\/app\/wp-json\/wp\/v2\/types\/product"}],"replies":[{"embeddable":true,"href":"https:\/\/ropaadaptadacordonela.com.mx\/app\/wp-json\/wp\/v2\/comments?post=2736"}],"wp:featuredmedia":[{"embeddable":true,"href":"https:\/\/ropaadaptadacordonela.com.mx\/app\/wp-json\/wp\/v2\/media\/2743"}],"wp:attachment":[{"href":"https:\/\/ropaadaptadacordonela.com.mx\/app\/wp-json\/wp\/v2\/media?parent=2736"}],"wp:term":[{"taxonomy":"product_brand","embeddable":true,"href":"https:\/\/ropaadaptadacordonela.com.mx\/app\/wp-json\/wp\/v2\/product_brand?post=2736"},{"taxonomy":"product_cat","embeddable":true,"href":"https:\/\/ropaadaptadacordonela.com.mx\/app\/wp-json\/wp\/v2\/product_cat?post=2736"},{"taxonomy":"product_tag","embeddable":true,"href":"https:\/\/ropaadaptadacordonela.com.mx\/app\/wp-json\/wp\/v2\/product_tag?post=2736"}],"curies":[{"name":"wp","href":"https:\/\/api.w.org\/{rel}","templated":true}]}}